{"id":2166,"date":"2017-12-06T10:27:44","date_gmt":"2017-12-06T07:27:44","guid":{"rendered":"http:\/\/ae86project.com\/?page_id=2166"},"modified":"2020-05-15T13:08:36","modified_gmt":"2020-05-15T13:08:36","slug":"zaman-cizelgesi","status":"publish","type":"page","link":"https:\/\/www.ae86project.com\/?page_id=2166","title":{"rendered":"ZAMAN \u00c7\u0130ZELGES\u0130"},"content":{"rendered":"<p><a href=\"https:\/\/i0.wp.com\/www.ae86project.com\/wp-content\/uploads\/2017\/12\/timeline-1.jpg\"><img loading=\"lazy\" decoding=\"async\" class=\"alignnone size-full wp-image-3196\" src=\"https:\/\/i0.wp.com\/www.ae86project.com\/wp-content\/uploads\/2020\/05\/timeline.jpg?resize=700%2C394&#038;ssl=1\" alt=\"\" width=\"700\" height=\"394\" srcset=\"https:\/\/i0.wp.com\/www.ae86project.com\/wp-content\/uploads\/2020\/05\/timeline.jpg?w=1024&amp;ssl=1 1024w, https:\/\/i0.wp.com\/www.ae86project.com\/wp-content\/uploads\/2020\/05\/timeline.jpg?resize=768%2C432&amp;ssl=1 768w, https:\/\/i0.wp.com\/www.ae86project.com\/wp-content\/uploads\/2020\/05\/timeline.jpg?resize=700%2C394&amp;ssl=1 700w, https:\/\/i0.wp.com\/www.ae86project.com\/wp-content\/uploads\/2020\/05\/timeline.jpg?resize=711%2C400&amp;ssl=1 711w\" sizes=\"auto, (max-width: 700px) 100vw, 700px\" data-recalc-dims=\"1\" \/><img loading=\"lazy\" decoding=\"async\" class=\"alignnone size-large wp-image-2164\" src=\"https:\/\/i0.wp.com\/www.ae86project.com\/wp-content\/uploads\/2017\/12\/timeline-1.jpg?resize=700%2C394\" alt=\"\" width=\"700\" height=\"394\" srcset=\"https:\/\/i0.wp.com\/www.ae86project.com\/wp-content\/uploads\/2017\/12\/timeline-1.jpg?w=1920&amp;ssl=1 1920w, https:\/\/i0.wp.com\/www.ae86project.com\/wp-content\/uploads\/2017\/12\/timeline-1.jpg?resize=300%2C169&amp;ssl=1 300w, https:\/\/i0.wp.com\/www.ae86project.com\/wp-content\/uploads\/2017\/12\/timeline-1.jpg?resize=1024%2C576&amp;ssl=1 1024w, https:\/\/i0.wp.com\/www.ae86project.com\/wp-content\/uploads\/2017\/12\/timeline-1.jpg?resize=768%2C432&amp;ssl=1 768w, https:\/\/i0.wp.com\/www.ae86project.com\/wp-content\/uploads\/2017\/12\/timeline-1.jpg?resize=1536%2C864&amp;ssl=1 1536w, https:\/\/i0.wp.com\/www.ae86project.com\/wp-content\/uploads\/2017\/12\/timeline-1.jpg?resize=1200%2C675&amp;ssl=1 1200w, https:\/\/i0.wp.com\/www.ae86project.com\/wp-content\/uploads\/2017\/12\/timeline-1.jpg?w=1400&amp;ssl=1 1400w\" sizes=\"auto, (max-width: 700px) 100vw, 700px\" data-recalc-dims=\"1\" \/><\/a><\/p>\n","protected":false},"excerpt":{"rendered":"","protected":false},"author":2,"featured_media":0,"parent":0,"menu_order":0,"comment_status":"closed","ping_status":"closed","template":"templates\/portfolio-page.php","meta":{"footnotes":""},"class_list":["post-2166","page","type-page","status-publish","hentry"],"jetpack_sharing_enabled":false,"_links":{"self":[{"href":"https:\/\/www.ae86project.com\/index.php?rest_route=\/wp\/v2\/pages\/2166","targetHints":{"allow":["GET"]}}],"collection":[{"href":"https:\/\/www.ae86project.com\/index.php?rest_route=\/wp\/v2\/pages"}],"about":[{"href":"https:\/\/www.ae86project.com\/index.php?rest_route=\/wp\/v2\/types\/page"}],"author":[{"embeddable":true,"href":"https:\/\/www.ae86project.com\/index.php?rest_route=\/wp\/v2\/users\/2"}],"replies":[{"embeddable":true,"href":"https:\/\/www.ae86project.com\/index.php?rest_route=%2Fwp%2Fv2%2Fcomments&post=2166"}],"version-history":[{"count":1,"href":"https:\/\/www.ae86project.com\/index.php?rest_route=\/wp\/v2\/pages\/2166\/revisions"}],"predecessor-version":[{"id":3197,"href":"https:\/\/www.ae86project.com\/index.php?rest_route=\/wp\/v2\/pages\/2166\/revisions\/3197"}],"wp:attachment":[{"href":"https:\/\/www.ae86project.com\/index.php?rest_route=%2Fwp%2Fv2%2Fmedia&parent=2166"}],"curies":[{"name":"wp","href":"https:\/\/api.w.org\/{rel}","templated":true}]}}