{"id":1931,"date":"2017-11-30T11:38:44","date_gmt":"2017-11-30T08:38:44","guid":{"rendered":"http:\/\/ae86project.com\/?page_id=1931"},"modified":"2020-05-15T13:05:42","modified_gmt":"2020-05-15T13:05:42","slug":"toyota-turkiye","status":"publish","type":"page","link":"https:\/\/www.ae86project.com\/?page_id=1931","title":{"rendered":"TOYOTA T\u00dcRK\u0130YE"},"content":{"rendered":"<p><img loading=\"lazy\" decoding=\"async\" class=\"alignnone size-full wp-image-3178\" src=\"https:\/\/i0.wp.com\/www.ae86project.com\/wp-content\/uploads\/2020\/05\/ae-wallpaper2.jpg?resize=700%2C467&#038;ssl=1\" alt=\"\" width=\"700\" height=\"467\" srcset=\"https:\/\/i0.wp.com\/www.ae86project.com\/wp-content\/uploads\/2020\/05\/ae-wallpaper2.jpg?w=700&amp;ssl=1 700w, https:\/\/i0.wp.com\/www.ae86project.com\/wp-content\/uploads\/2020\/05\/ae-wallpaper2.jpg?resize=600%2C400&amp;ssl=1 600w\" sizes=\"auto, (max-width: 700px) 100vw, 700px\" data-recalc-dims=\"1\" \/>Yakla\u015f\u0131k 8 y\u0131ll\u0131k emekten sonra, 29 Kas\u0131m 2017&#8217;de bu restorasyon manevi olarak ula\u015fabilece\u011fi en son noktaya, Corolla&#8217;m\u0131z\u0131n geldi\u011fi yere d\u00f6n\u00fc\u015f\u00fc ile son buluyor diyebiliriz.<img loading=\"lazy\" decoding=\"async\" class=\"alignnone size-full wp-image-3179\" src=\"https:\/\/i0.wp.com\/www.ae86project.com\/wp-content\/uploads\/2020\/05\/ae86.png?resize=515%2C721&#038;ssl=1\" alt=\"\" width=\"515\" height=\"721\" srcset=\"https:\/\/i0.wp.com\/www.ae86project.com\/wp-content\/uploads\/2020\/05\/ae86.png?w=515&amp;ssl=1 515w, https:\/\/i0.wp.com\/www.ae86project.com\/wp-content\/uploads\/2020\/05\/ae86.png?resize=286%2C400&amp;ssl=1 286w\" sizes=\"auto, (max-width: 515px) 100vw, 515px\" data-recalc-dims=\"1\" \/><\/p>\n<p>K\u00fc\u00e7\u00fck Ae86&#8217;m\u0131z Toyota ailesiyle bulu\u015fuyor! Toyota T\u00fcrkiye ile!<\/p>\n<p>\u00d6ncelikle bu hikayedeki heyecan\u0131 bizlerle payla\u015fan ve Toyota ailesine hikayemizi payla\u015f\u0131p, anlatmam\u0131za da vesile olan Sezen Ye\u015filta\u00e7&#8217;a te\u015fekk\u00fcrlerimi bor\u00e7 bilirim ve yine Toyota T\u00fcrkiye&#8217;ye, Toyota Fenomen&#8217;e ve Toyota T\u00fcrkiye Ik&#8217;ya bizi dinleyerek onurland\u0131rd\u0131klar\u0131 i\u00e7in te\u015fekk\u00fcrlerimi minnetlerimi bor\u00e7 bilirim.<\/p>\n<p>\u015eahs\u0131m ad\u0131ma Toyota T\u00fcrkiye&#8217;de ge\u00e7irdi\u011fim 2 saatlik bu vakit 29 y\u0131ll\u0131k hayat\u0131m\u0131n en iyi vakitleriydi diyebilirim.<\/p>\n<p>DEDE TORUN<\/p>\n<p>Daha \u00f6nce yapt\u0131\u011f\u0131m\u0131z haz\u0131rl\u0131klarda bir s\u00fcrpriz yap\u0131laca\u011f\u0131n\u0131 s\u00f6ylemi\u015ftim.<\/p>\n<p>Arac\u0131m\u0131z Toyota T\u00fcrkiye Genel M\u00fcd\u00fcrl\u00fc\u011f\u00fcne Toyota Fenomenle bulu\u015fmaya gidiyor!<\/p>\n<p>Sabah 07:00&#8217;da ya\u011fmurlu havada arac\u0131m\u0131z\u0131 y\u0131kayarak yola koyuluyoruz<img loading=\"lazy\" decoding=\"async\" class=\"alignnone size-full wp-image-3181\" src=\"https:\/\/i0.wp.com\/www.ae86project.com\/wp-content\/uploads\/2020\/05\/img_9350.jpg?resize=700%2C525&#038;ssl=1\" alt=\"\" width=\"700\" height=\"525\" srcset=\"https:\/\/i0.wp.com\/www.ae86project.com\/wp-content\/uploads\/2020\/05\/img_9350.jpg?w=700&amp;ssl=1 700w, https:\/\/i0.wp.com\/www.ae86project.com\/wp-content\/uploads\/2020\/05\/img_9350.jpg?resize=533%2C400&amp;ssl=1 533w\" sizes=\"auto, (max-width: 700px) 100vw, 700px\" data-recalc-dims=\"1\" \/><\/p>\n<p>SSworks&#8217;ten yapt\u0131\u011f\u0131m\u0131z 20dkl\u0131k yolculuktan sonra Toyota Genel Merkez binas\u0131na ula\u015f\u0131yoruz. Heyecan dorukta ve kalp at\u0131\u015flar\u0131m\u0131 kulaklar\u0131mda duyabiliyorum. 3 Y\u0131ld\u0131r verdi\u011fimiz ilk defa i\u015fin ger\u00e7ek sahipleri taraf\u0131ndan g\u00f6r\u00fclecek, hikayesi dinlecek..<\/p>\n<p>Sorular d\u00f6n\u00fcyor kafamda;<\/p>\n<p>Arac\u0131 be\u011fenirler mi? Hikayesi ilgi \u00e7eker mi?<img loading=\"lazy\" decoding=\"async\" class=\"alignnone size-full wp-image-3049\" src=\"https:\/\/i0.wp.com\/www.ae86project.com\/wp-content\/uploads\/2014\/12\/img_9357.jpg?resize=700%2C525&#038;ssl=1\" alt=\"\" width=\"700\" height=\"525\" srcset=\"https:\/\/i0.wp.com\/www.ae86project.com\/wp-content\/uploads\/2014\/12\/img_9357.jpg?w=700&amp;ssl=1 700w, https:\/\/i0.wp.com\/www.ae86project.com\/wp-content\/uploads\/2014\/12\/img_9357.jpg?resize=533%2C400&amp;ssl=1 533w\" sizes=\"auto, (max-width: 700px) 100vw, 700px\" data-recalc-dims=\"1\" \/><\/p>\n<p>Toplant\u0131 \u00f6ncesi haz\u0131rl\u0131klar\u0131m\u0131z\u0131 tamaml\u0131yoruz ve genel merkezin i\u00e7ine do\u011fru yola koyuluyoruz, ekip bizi g\u00fcler y\u00fcz\u00fcyle s\u0131cac\u0131k kar\u015f\u0131l\u0131yor ve so\u011fuk kas\u0131m g\u00fcn\u00fc i\u00e7imiz \u0131s\u0131n\u0131yor a\u00e7\u0131kcas\u0131.<\/p>\n<p><img loading=\"lazy\" decoding=\"async\" class=\"alignnone size-full wp-image-3182\" src=\"https:\/\/i0.wp.com\/www.ae86project.com\/wp-content\/uploads\/2020\/05\/img_9421-e1512039921365.jpg?resize=700%2C394&#038;ssl=1\" alt=\"\" width=\"700\" height=\"394\" data-recalc-dims=\"1\" \/><\/p>\n<p>T\u00fcm Toyota ekibi ile yakla\u015f\u0131k 1.5 saat s\u00fcren s\u0131cak sohbetimiz ile arac\u0131m\u0131z\u0131n t\u00fcm hikayesini payla\u015f\u0131yoruz, onlar da heyecan\u0131m\u0131za ortak oluyorlar, Serhat ile birlikte merak ettikleri her noktaya elimizden geldi\u011fince cevap vermeye \u00e7al\u0131\u015f\u0131yoruz. Toyota ekibi zaten s\u0131cak kar\u015f\u0131lama ve g\u00fclery\u00fcz\u00fc ile heyecan\u0131m\u0131z\u0131 dindiriyor. Hikaye g\u00fcn\u00fcm\u00fcz Toyota&#8217;n\u0131n tarihinden ba\u015flayarak g\u00fcn\u00fcm\u00fcz otomobillerine kadar geliyor. Bu \u015fans\u0131 bana veren T\u00fcm Toyota Fenomen ailesine te\u015fekk\u00fcr ediyorum tekrardan. \u0130\u00e7erideki toplant\u0131 bitince d\u0131\u015far\u0131 bah\u00e7eye s\u00fcrprize do\u011fru \u00e7\u0131k\u0131yoruz.<\/p>\n<p><img loading=\"lazy\" decoding=\"async\" class=\"alignnone size-full wp-image-3183\" src=\"https:\/\/i0.wp.com\/www.ae86project.com\/wp-content\/uploads\/2020\/05\/t1.jpg?resize=700%2C467&#038;ssl=1\" alt=\"\" width=\"700\" height=\"467\" srcset=\"https:\/\/i0.wp.com\/www.ae86project.com\/wp-content\/uploads\/2020\/05\/t1.jpg?w=700&amp;ssl=1 700w, https:\/\/i0.wp.com\/www.ae86project.com\/wp-content\/uploads\/2020\/05\/t1.jpg?resize=600%2C400&amp;ssl=1 600w\" sizes=\"auto, (max-width: 700px) 100vw, 700px\" data-recalc-dims=\"1\" \/><\/p>\n<p>D\u0131\u015far\u0131 \u00e7\u0131k\u0131nca ne g\u00f6relim! Bizim k\u00fc\u00e7\u00fck Toyotan\u0131n torunu da bah\u00e7ede yanyana gelmi\u015f. Gt86 ile AE86 iki Toyota M\u00fchendislik harikas\u0131 otomobil yanyana! Seyrine doyum olmuyor.<\/p>\n<p><img loading=\"lazy\" decoding=\"async\" class=\"alignnone size-full wp-image-3184\" src=\"https:\/\/i0.wp.com\/www.ae86project.com\/wp-content\/uploads\/2020\/05\/t2.jpg?resize=700%2C467&#038;ssl=1\" alt=\"\" width=\"700\" height=\"467\" srcset=\"https:\/\/i0.wp.com\/www.ae86project.com\/wp-content\/uploads\/2020\/05\/t2.jpg?w=700&amp;ssl=1 700w, https:\/\/i0.wp.com\/www.ae86project.com\/wp-content\/uploads\/2020\/05\/t2.jpg?resize=600%2C400&amp;ssl=1 600w\" sizes=\"auto, (max-width: 700px) 100vw, 700px\" data-recalc-dims=\"1\" \/><\/p>\n<p>Ekiple birlikte arac\u0131n detaylar\u0131n\u0131 incelemeye koyuluyoruz, heyecan\u0131 g\u00f6rd\u00fck\u00e7e g\u00f6zlerim doluyor a\u00e7\u0131kcas\u0131. Bu bir ba\u015far\u0131 hikayesi benim i\u00e7in. Zaferin. Onurun.<\/p>\n<p>Bir otomobil severin ya\u015fad\u0131\u011f\u0131 en g\u00fczel anlar.<\/p>\n<p><img loading=\"lazy\" decoding=\"async\" class=\"alignnone size-full wp-image-3185\" src=\"https:\/\/i0.wp.com\/www.ae86project.com\/wp-content\/uploads\/2020\/05\/img_9364.jpg?resize=700%2C525&#038;ssl=1\" alt=\"\" width=\"700\" height=\"525\" srcset=\"https:\/\/i0.wp.com\/www.ae86project.com\/wp-content\/uploads\/2020\/05\/img_9364.jpg?w=700&amp;ssl=1 700w, https:\/\/i0.wp.com\/www.ae86project.com\/wp-content\/uploads\/2020\/05\/img_9364.jpg?resize=533%2C400&amp;ssl=1 533w\" sizes=\"auto, (max-width: 700px) 100vw, 700px\" data-recalc-dims=\"1\" \/> <img loading=\"lazy\" decoding=\"async\" class=\"alignnone size-medium wp-image-3186\" src=\"https:\/\/i0.wp.com\/www.ae86project.com\/wp-content\/uploads\/2020\/05\/img_9372.jpg?resize=700%2C525&#038;ssl=1\" alt=\"\" width=\"700\" height=\"525\" srcset=\"https:\/\/i0.wp.com\/www.ae86project.com\/wp-content\/uploads\/2020\/05\/img_9372.jpg?w=700&amp;ssl=1 700w, https:\/\/i0.wp.com\/www.ae86project.com\/wp-content\/uploads\/2020\/05\/img_9372.jpg?resize=533%2C400&amp;ssl=1 533w\" sizes=\"auto, (max-width: 700px) 100vw, 700px\" data-recalc-dims=\"1\" \/> <img loading=\"lazy\" decoding=\"async\" class=\"alignnone size-medium wp-image-3187\" src=\"https:\/\/i0.wp.com\/www.ae86project.com\/wp-content\/uploads\/2020\/05\/img_9376.jpg?resize=700%2C525&#038;ssl=1\" alt=\"\" width=\"700\" height=\"525\" srcset=\"https:\/\/i0.wp.com\/www.ae86project.com\/wp-content\/uploads\/2020\/05\/img_9376.jpg?w=700&amp;ssl=1 700w, https:\/\/i0.wp.com\/www.ae86project.com\/wp-content\/uploads\/2020\/05\/img_9376.jpg?resize=533%2C400&amp;ssl=1 533w\" sizes=\"auto, (max-width: 700px) 100vw, 700px\" data-recalc-dims=\"1\" \/> <img loading=\"lazy\" decoding=\"async\" class=\"alignnone size-medium wp-image-3188\" src=\"https:\/\/i0.wp.com\/www.ae86project.com\/wp-content\/uploads\/2020\/05\/img_9381.jpg?resize=700%2C933&#038;ssl=1\" alt=\"\" width=\"700\" height=\"933\" srcset=\"https:\/\/i0.wp.com\/www.ae86project.com\/wp-content\/uploads\/2020\/05\/img_9381.jpg?w=700&amp;ssl=1 700w, https:\/\/i0.wp.com\/www.ae86project.com\/wp-content\/uploads\/2020\/05\/img_9381.jpg?resize=300%2C400&amp;ssl=1 300w\" sizes=\"auto, (max-width: 700px) 100vw, 700px\" data-recalc-dims=\"1\" \/> <img loading=\"lazy\" decoding=\"async\" class=\"alignnone size-medium wp-image-3189\" src=\"https:\/\/i0.wp.com\/www.ae86project.com\/wp-content\/uploads\/2020\/05\/img_9390-1.jpg?resize=700%2C933&#038;ssl=1\" alt=\"\" width=\"700\" height=\"933\" srcset=\"https:\/\/i0.wp.com\/www.ae86project.com\/wp-content\/uploads\/2020\/05\/img_9390-1.jpg?w=700&amp;ssl=1 700w, https:\/\/i0.wp.com\/www.ae86project.com\/wp-content\/uploads\/2020\/05\/img_9390-1.jpg?resize=300%2C400&amp;ssl=1 300w\" sizes=\"auto, (max-width: 700px) 100vw, 700px\" data-recalc-dims=\"1\" \/> <img loading=\"lazy\" decoding=\"async\" class=\"alignnone size-medium wp-image-3190\" src=\"https:\/\/i0.wp.com\/www.ae86project.com\/wp-content\/uploads\/2020\/05\/img_9401.jpg?resize=700%2C525&#038;ssl=1\" alt=\"\" width=\"700\" height=\"525\" srcset=\"https:\/\/i0.wp.com\/www.ae86project.com\/wp-content\/uploads\/2020\/05\/img_9401.jpg?w=700&amp;ssl=1 700w, https:\/\/i0.wp.com\/www.ae86project.com\/wp-content\/uploads\/2020\/05\/img_9401.jpg?resize=533%2C400&amp;ssl=1 533w\" sizes=\"auto, (max-width: 700px) 100vw, 700px\" data-recalc-dims=\"1\" \/><\/p>\n<p>Foto\u011fraflar \u00e7ekiliyor, g\u00fcl\u00fcn\u00fcyor, e\u011fleniliyor&#8230;<\/p>\n<p>Kaput a\u00e7\u0131l\u0131nca anlat\u0131m\u0131 Serhat&#8217;a b\u0131rak\u0131yor\u0131m. Yakla\u015f\u0131k 6 ayd\u0131r a\u00e7\u0131p kapatt\u0131\u011f\u0131 kaputu motoru, yapt\u0131klar\u0131m\u0131z\u0131 anlat\u0131yor bu g\u00fczel insanlara.<img loading=\"lazy\" decoding=\"async\" class=\"alignnone size-full wp-image-3191\" src=\"https:\/\/i0.wp.com\/www.ae86project.com\/wp-content\/uploads\/2020\/05\/img_9407.jpg?resize=700%2C525&#038;ssl=1\" alt=\"\" width=\"700\" height=\"525\" srcset=\"https:\/\/i0.wp.com\/www.ae86project.com\/wp-content\/uploads\/2020\/05\/img_9407.jpg?w=700&amp;ssl=1 700w, https:\/\/i0.wp.com\/www.ae86project.com\/wp-content\/uploads\/2020\/05\/img_9407.jpg?resize=533%2C400&amp;ssl=1 533w\" sizes=\"auto, (max-width: 700px) 100vw, 700px\" data-recalc-dims=\"1\" \/><\/p>\n<p>GT86&#8217;n\u0131n sahibi Cem bey.<\/p>\n<p><img loading=\"lazy\" decoding=\"async\" class=\"alignnone size-full wp-image-3192\" src=\"https:\/\/i0.wp.com\/www.ae86project.com\/wp-content\/uploads\/2020\/05\/img_9405.jpg?resize=700%2C525&#038;ssl=1\" alt=\"\" width=\"700\" height=\"525\" srcset=\"https:\/\/i0.wp.com\/www.ae86project.com\/wp-content\/uploads\/2020\/05\/img_9405.jpg?w=700&amp;ssl=1 700w, https:\/\/i0.wp.com\/www.ae86project.com\/wp-content\/uploads\/2020\/05\/img_9405.jpg?resize=533%2C400&amp;ssl=1 533w\" sizes=\"auto, (max-width: 700px) 100vw, 700px\" data-recalc-dims=\"1\" \/><\/p>\n<p>Sizlere o g\u00fcn payla\u015f\u0131lan birka\u00e7 Instagram hikayesini de payla\u015fmak isterim. G\u00fczel yorumlar\u0131 i\u00e7in herkese tekrar te\u015fekk\u00fcr ediyorum.<\/p>\n<div id='gallery-1' class='gallery galleryid-1931 gallery-columns-3 gallery-size-thumbnail'><figure class='gallery-item'>\n\t\t\t<div class='gallery-icon portrait'>\n\t\t\t\t<a href='https:\/\/www.ae86project.com\/?attachment_id=3068'><img loading=\"lazy\" decoding=\"async\" width=\"150\" height=\"150\" src=\"https:\/\/i0.wp.com\/www.ae86project.com\/wp-content\/uploads\/2014\/12\/img_9447.jpg?resize=150%2C150&amp;ssl=1\" class=\"attachment-thumbnail size-thumbnail\" alt=\"\" srcset=\"https:\/\/i0.wp.com\/www.ae86project.com\/wp-content\/uploads\/2014\/12\/img_9447.jpg?resize=150%2C150&amp;ssl=1 150w, https:\/\/i0.wp.com\/www.ae86project.com\/wp-content\/uploads\/2014\/12\/img_9447.jpg?resize=100%2C100&amp;ssl=1 100w\" sizes=\"auto, (max-width: 150px) 100vw, 150px\" \/><\/a>\n\t\t\t<\/div><\/figure><figure class='gallery-item'>\n\t\t\t<div class='gallery-icon portrait'>\n\t\t\t\t<a href='https:\/\/www.ae86project.com\/?attachment_id=3067'><img loading=\"lazy\" decoding=\"async\" width=\"150\" height=\"150\" src=\"https:\/\/i0.wp.com\/www.ae86project.com\/wp-content\/uploads\/2014\/12\/img_9446.jpg?resize=150%2C150&amp;ssl=1\" class=\"attachment-thumbnail size-thumbnail\" alt=\"\" srcset=\"https:\/\/i0.wp.com\/www.ae86project.com\/wp-content\/uploads\/2014\/12\/img_9446.jpg?resize=150%2C150&amp;ssl=1 150w, https:\/\/i0.wp.com\/www.ae86project.com\/wp-content\/uploads\/2014\/12\/img_9446.jpg?resize=100%2C100&amp;ssl=1 100w\" sizes=\"auto, (max-width: 150px) 100vw, 150px\" \/><\/a>\n\t\t\t<\/div><\/figure><figure class='gallery-item'>\n\t\t\t<div class='gallery-icon portrait'>\n\t\t\t\t<a href='https:\/\/www.ae86project.com\/?attachment_id=3066'><img loading=\"lazy\" decoding=\"async\" width=\"150\" height=\"150\" src=\"https:\/\/i0.wp.com\/www.ae86project.com\/wp-content\/uploads\/2014\/12\/img_9445.png?resize=150%2C150&amp;ssl=1\" class=\"attachment-thumbnail size-thumbnail\" alt=\"\" srcset=\"https:\/\/i0.wp.com\/www.ae86project.com\/wp-content\/uploads\/2014\/12\/img_9445.png?resize=150%2C150&amp;ssl=1 150w, https:\/\/i0.wp.com\/www.ae86project.com\/wp-content\/uploads\/2014\/12\/img_9445.png?resize=100%2C100&amp;ssl=1 100w\" sizes=\"auto, (max-width: 150px) 100vw, 150px\" \/><\/a>\n\t\t\t<\/div><\/figure><figure class='gallery-item'>\n\t\t\t<div class='gallery-icon portrait'>\n\t\t\t\t<a href='https:\/\/www.ae86project.com\/?attachment_id=3065'><img loading=\"lazy\" decoding=\"async\" width=\"150\" height=\"150\" src=\"https:\/\/i0.wp.com\/www.ae86project.com\/wp-content\/uploads\/2014\/12\/img_9444.png?resize=150%2C150&amp;ssl=1\" class=\"attachment-thumbnail size-thumbnail\" alt=\"\" srcset=\"https:\/\/i0.wp.com\/www.ae86project.com\/wp-content\/uploads\/2014\/12\/img_9444.png?resize=150%2C150&amp;ssl=1 150w, https:\/\/i0.wp.com\/www.ae86project.com\/wp-content\/uploads\/2014\/12\/img_9444.png?resize=100%2C100&amp;ssl=1 100w\" sizes=\"auto, (max-width: 150px) 100vw, 150px\" \/><\/a>\n\t\t\t<\/div><\/figure><figure class='gallery-item'>\n\t\t\t<div class='gallery-icon portrait'>\n\t\t\t\t<a href='https:\/\/www.ae86project.com\/?attachment_id=3064'><img loading=\"lazy\" decoding=\"async\" width=\"150\" height=\"150\" src=\"https:\/\/i0.wp.com\/www.ae86project.com\/wp-content\/uploads\/2014\/12\/img_9443.png?resize=150%2C150&amp;ssl=1\" class=\"attachment-thumbnail size-thumbnail\" alt=\"\" srcset=\"https:\/\/i0.wp.com\/www.ae86project.com\/wp-content\/uploads\/2014\/12\/img_9443.png?resize=150%2C150&amp;ssl=1 150w, https:\/\/i0.wp.com\/www.ae86project.com\/wp-content\/uploads\/2014\/12\/img_9443.png?resize=100%2C100&amp;ssl=1 100w\" sizes=\"auto, (max-width: 150px) 100vw, 150px\" \/><\/a>\n\t\t\t<\/div><\/figure><figure class='gallery-item'>\n\t\t\t<div class='gallery-icon portrait'>\n\t\t\t\t<a href='https:\/\/www.ae86project.com\/?attachment_id=3063'><img loading=\"lazy\" decoding=\"async\" width=\"150\" height=\"150\" src=\"https:\/\/i0.wp.com\/www.ae86project.com\/wp-content\/uploads\/2014\/12\/img_9436.png?resize=150%2C150&amp;ssl=1\" class=\"attachment-thumbnail size-thumbnail\" alt=\"\" srcset=\"https:\/\/i0.wp.com\/www.ae86project.com\/wp-content\/uploads\/2014\/12\/img_9436.png?resize=150%2C150&amp;ssl=1 150w, https:\/\/i0.wp.com\/www.ae86project.com\/wp-content\/uploads\/2014\/12\/img_9436.png?resize=100%2C100&amp;ssl=1 100w\" sizes=\"auto, (max-width: 150px) 100vw, 150px\" \/><\/a>\n\t\t\t<\/div><\/figure><figure class='gallery-item'>\n\t\t\t<div class='gallery-icon portrait'>\n\t\t\t\t<a href='https:\/\/www.ae86project.com\/?attachment_id=3062'><img loading=\"lazy\" decoding=\"async\" width=\"150\" height=\"150\" src=\"https:\/\/i0.wp.com\/www.ae86project.com\/wp-content\/uploads\/2014\/12\/img_9435.png?resize=150%2C150&amp;ssl=1\" class=\"attachment-thumbnail size-thumbnail\" alt=\"\" srcset=\"https:\/\/i0.wp.com\/www.ae86project.com\/wp-content\/uploads\/2014\/12\/img_9435.png?resize=150%2C150&amp;ssl=1 150w, https:\/\/i0.wp.com\/www.ae86project.com\/wp-content\/uploads\/2014\/12\/img_9435.png?resize=100%2C100&amp;ssl=1 100w\" sizes=\"auto, (max-width: 150px) 100vw, 150px\" \/><\/a>\n\t\t\t<\/div><\/figure><figure class='gallery-item'>\n\t\t\t<div class='gallery-icon portrait'>\n\t\t\t\t<a href='https:\/\/www.ae86project.com\/?attachment_id=3061'><img loading=\"lazy\" decoding=\"async\" width=\"150\" height=\"150\" src=\"https:\/\/i0.wp.com\/www.ae86project.com\/wp-content\/uploads\/2014\/12\/img_9393.jpg?resize=150%2C150&amp;ssl=1\" class=\"attachment-thumbnail size-thumbnail\" alt=\"\" srcset=\"https:\/\/i0.wp.com\/www.ae86project.com\/wp-content\/uploads\/2014\/12\/img_9393.jpg?resize=150%2C150&amp;ssl=1 150w, https:\/\/i0.wp.com\/www.ae86project.com\/wp-content\/uploads\/2014\/12\/img_9393.jpg?resize=100%2C100&amp;ssl=1 100w\" sizes=\"auto, (max-width: 150px) 100vw, 150px\" \/><\/a>\n\t\t\t<\/div><\/figure><figure class='gallery-item'>\n\t\t\t<div class='gallery-icon portrait'>\n\t\t\t\t<a href='https:\/\/www.ae86project.com\/?attachment_id=3060'><img loading=\"lazy\" decoding=\"async\" width=\"150\" height=\"150\" src=\"https:\/\/i0.wp.com\/www.ae86project.com\/wp-content\/uploads\/2014\/12\/img_9387.png?resize=150%2C150&amp;ssl=1\" class=\"attachment-thumbnail size-thumbnail\" alt=\"\" srcset=\"https:\/\/i0.wp.com\/www.ae86project.com\/wp-content\/uploads\/2014\/12\/img_9387.png?resize=150%2C150&amp;ssl=1 150w, https:\/\/i0.wp.com\/www.ae86project.com\/wp-content\/uploads\/2014\/12\/img_9387.png?resize=100%2C100&amp;ssl=1 100w\" sizes=\"auto, (max-width: 150px) 100vw, 150px\" \/><\/a>\n\t\t\t<\/div><\/figure><figure class='gallery-item'>\n\t\t\t<div class='gallery-icon portrait'>\n\t\t\t\t<a href='https:\/\/www.ae86project.com\/?attachment_id=3059'><img loading=\"lazy\" decoding=\"async\" width=\"150\" height=\"150\" src=\"https:\/\/i0.wp.com\/www.ae86project.com\/wp-content\/uploads\/2014\/12\/img_9390-1.jpg?resize=150%2C150&amp;ssl=1\" class=\"attachment-thumbnail size-thumbnail\" alt=\"\" srcset=\"https:\/\/i0.wp.com\/www.ae86project.com\/wp-content\/uploads\/2014\/12\/img_9390-1.jpg?resize=150%2C150&amp;ssl=1 150w, https:\/\/i0.wp.com\/www.ae86project.com\/wp-content\/uploads\/2014\/12\/img_9390-1.jpg?resize=100%2C100&amp;ssl=1 100w, https:\/\/i0.wp.com\/www.ae86project.com\/wp-content\/uploads\/2014\/12\/img_9390-1.jpg?zoom=2&amp;resize=150%2C150&amp;ssl=1 300w, https:\/\/i0.wp.com\/www.ae86project.com\/wp-content\/uploads\/2014\/12\/img_9390-1.jpg?zoom=3&amp;resize=150%2C150&amp;ssl=1 450w\" sizes=\"auto, (max-width: 150px) 100vw, 150px\" \/><\/a>\n\t\t\t<\/div><\/figure>\n\t\t<\/div>\n\n<p>Toyota T\u00fcrkiye IK&#8217;n\u0131n haz\u0131rlad\u0131\u011f\u0131 g\u00fcn\u00fcn \u00f6zet videosu da \u015f\u00f6yle:<\/p>\n<div class=\"jetpack-video-wrapper\"><iframe loading=\"lazy\" title=\"AE86 Toyota Fenomen Bulu\u015fmas\u0131\" width=\"700\" height=\"394\" src=\"https:\/\/www.youtube.com\/embed\/7nOs8sCmE0E?feature=oembed\" frameborder=\"0\" allow=\"accelerometer; autoplay; encrypted-media; gyroscope; picture-in-picture\" allowfullscreen><\/iframe><\/div>\n<p>Yeni aileme, Toyota T\u00fcrkiye&#8217;ye te\u015fekk\u00fcrler!<\/p>\n<p><img loading=\"lazy\" decoding=\"async\" class=\"alignnone size-full wp-image-3193\" src=\"https:\/\/i0.wp.com\/www.ae86project.com\/wp-content\/uploads\/2020\/05\/tes.jpg?resize=700%2C467&#038;ssl=1\" alt=\"\" width=\"700\" height=\"467\" srcset=\"https:\/\/i0.wp.com\/www.ae86project.com\/wp-content\/uploads\/2020\/05\/tes.jpg?w=700&amp;ssl=1 700w, https:\/\/i0.wp.com\/www.ae86project.com\/wp-content\/uploads\/2020\/05\/tes.jpg?resize=600%2C400&amp;ssl=1 600w\" sizes=\"auto, (max-width: 700px) 100vw, 700px\" data-recalc-dims=\"1\" \/><\/p>\n","protected":false},"excerpt":{"rendered":"<p>Yakla\u015f\u0131k 8 y\u0131ll\u0131k emekten sonra, 29 Kas\u0131m 2017&#8217;de bu restorasyon manevi olarak ula\u015fabilece\u011fi en son noktaya, Corolla&#8217;m\u0131z\u0131n geldi\u011fi yere d\u00f6n\u00fc\u015f\u00fc ile son buluyor diyebiliriz. K\u00fc\u00e7\u00fck Ae86&#8217;m\u0131z Toyota ailesiyle bulu\u015fuyor! Toyota T\u00fcrkiye ile! \u00d6ncelikle bu hikayedeki heyecan\u0131 bizlerle payla\u015fan ve Toyota ailesine hikayemizi payla\u015f\u0131p, anlatmam\u0131za da vesile olan Sezen Ye\u015filta\u00e7&#8217;a te\u015fekk\u00fcrlerimi bor\u00e7 bilirim ve yine Toyota &hellip; <a href=\"https:\/\/www.ae86project.com\/?page_id=1931\" class=\"more-link\"><span class=\"screen-reader-text\">TOYOTA T\u00dcRK\u0130YE<\/span> yaz\u0131s\u0131n\u0131 okumaya devam et <span class=\"meta-nav\">&rarr;<\/span><\/a><\/p>\n","protected":false},"author":2,"featured_media":1936,"parent":0,"menu_order":0,"comment_status":"closed","ping_status":"closed","template":"","meta":{"footnotes":""},"class_list":["post-1931","page","type-page","status-publish","has-post-thumbnail","hentry"],"jetpack_sharing_enabled":false,"_links":{"self":[{"href":"https:\/\/www.ae86project.com\/index.php?rest_route=\/wp\/v2\/pages\/1931","targetHints":{"allow":["GET"]}}],"collection":[{"href":"https:\/\/www.ae86project.com\/index.php?rest_route=\/wp\/v2\/pages"}],"about":[{"href":"https:\/\/www.ae86project.com\/index.php?rest_route=\/wp\/v2\/types\/page"}],"author":[{"embeddable":true,"href":"https:\/\/www.ae86project.com\/index.php?rest_route=\/wp\/v2\/users\/2"}],"replies":[{"embeddable":true,"href":"https:\/\/www.ae86project.com\/index.php?rest_route=%2Fwp%2Fv2%2Fcomments&post=1931"}],"version-history":[{"count":2,"href":"https:\/\/www.ae86project.com\/index.php?rest_route=\/wp\/v2\/pages\/1931\/revisions"}],"predecessor-version":[{"id":3194,"href":"https:\/\/www.ae86project.com\/index.php?rest_route=\/wp\/v2\/pages\/1931\/revisions\/3194"}],"wp:featuredmedia":[{"embeddable":true,"href":"https:\/\/www.ae86project.com\/index.php?rest_route=\/wp\/v2\/media\/1936"}],"wp:attachment":[{"href":"https:\/\/www.ae86project.com\/index.php?rest_route=%2Fwp%2Fv2%2Fmedia&parent=1931"}],"curies":[{"name":"wp","href":"https:\/\/api.w.org\/{rel}","templated":true}]}}